{"id":7727,"date":"2022-09-27T19:10:33","date_gmt":"2022-09-27T17:10:33","guid":{"rendered":"https:\/\/lesflaneuses.com\/blog\/"},"modified":"2022-12-07T11:04:00","modified_gmt":"2022-12-07T10:04:00","slug":"blog","status":"publish","type":"page","link":"https:\/\/lesflaneuses.com\/en\/blog\/","title":{"rendered":"Blog"},"content":{"rendered":"\t\t<div data-elementor-type=\"wp-page\" data-elementor-id=\"7727\" class=\"elementor elementor-7727 elementor-7722\" data-elementor-post-type=\"page\">\n\t\t\t\t<div class=\"elementor-element elementor-element-cd666ac e-flex e-con-boxed e-con e-parent\" data-id=\"cd666ac\" data-element_type=\"container\" data-settings=\"{&quot;jet_parallax_layout_list&quot;:[]}\">\n\t\t\t\t\t<div class=\"e-con-inner\">\n\t\t\t\t<div class=\"elementor-element elementor-element-b6987f0 elementor-posts--thumbnail-top elementor-grid-3 elementor-grid-tablet-2 elementor-grid-mobile-1 elementor-widget elementor-widget-posts\" data-id=\"b6987f0\" data-element_type=\"widget\" id=\"ArticleGrid\" data-settings=\"{&quot;custom_columns&quot;:&quot;3&quot;,&quot;custom_columns_tablet&quot;:&quot;2&quot;,&quot;custom_columns_mobile&quot;:&quot;1&quot;,&quot;custom_row_gap&quot;:{&quot;unit&quot;:&quot;px&quot;,&quot;size&quot;:35,&quot;sizes&quot;:[]},&quot;custom_row_gap_tablet&quot;:{&quot;unit&quot;:&quot;px&quot;,&quot;size&quot;:&quot;&quot;,&quot;sizes&quot;:[]},&quot;custom_row_gap_mobile&quot;:{&quot;unit&quot;:&quot;px&quot;,&quot;size&quot;:&quot;&quot;,&quot;sizes&quot;:[]}}\" data-widget_type=\"posts.custom\">\n\t\t\t\t<div class=\"elementor-widget-container\">\n\t\t\t\t\t      <div class=\"ecs-posts elementor-posts-container elementor-posts   elementor-grid elementor-posts--skin-custom\" data-settings=\"{&quot;current_page&quot;:1,&quot;max_num_pages&quot;:0,&quot;load_method&quot;:&quot;&quot;,&quot;widget_id&quot;:&quot;b6987f0&quot;,&quot;post_id&quot;:7727,&quot;theme_id&quot;:7727,&quot;change_url&quot;:false,&quot;reinit_js&quot;:false}\">\n      <div class=\"elementor-posts-nothing-found\"><\/div>\t\t<\/div>\n\t\t\t\t\t\t<\/div>\n\t\t\t\t<\/div>\n\t\t\t\t<div class=\"elementor-element elementor-element-e41bfa1 elementor-widget elementor-widget-jet-smart-filters-pagination\" data-id=\"e41bfa1\" data-element_type=\"widget\" data-widget_type=\"jet-smart-filters-pagination.default\">\n\t\t\t\t<div class=\"elementor-widget-container\">\n\t\t\t\t\t<div\n\t\t\t\tclass=\"jet-smart-filters-pagination jet-filter\"\n\t\t\t\tdata-apply-provider=\"epro-posts\"\n\t\t\t\tdata-content-provider=\"epro-posts\"\n\t\t\t\tdata-query-id=\"ArticleGrid\"\n\t\t\t\tdata-controls=\"{&quot;items_enabled&quot;:true,&quot;pages_mid_size&quot;:0,&quot;pages_end_size&quot;:0,&quot;nav_enabled&quot;:true,&quot;prev&quot;:&quot;Pr\\u00e9c\\u00e9dente&quot;,&quot;next&quot;:&quot;Suivante&quot;,&quot;hide_inactive_nav&quot;:true,&quot;load_more_enabled&quot;:false,&quot;provider_top_offset&quot;:0}\"\n\t\t\t\tdata-apply-type=\"ajax\"\n\t\t\t><\/div>\t\t\t\t<\/div>\n\t\t\t\t<\/div>\n\t\t\t\t\t<\/div>\n\t\t\t\t<\/div>\n\t\t\t\t<\/div>\n\t\t","protected":false},"excerpt":{"rendered":"","protected":false},"author":1,"featured_media":0,"parent":0,"menu_order":0,"comment_status":"closed","ping_status":"closed","template":"","meta":{"footnotes":""},"class_list":["post-7727","page","type-page","status-publish","hentry"],"yoast_head":"<!-- This site is optimized with the Yoast SEO plugin v27.4 - https:\/\/yoast.com\/product\/yoast-seo-wordpress\/ -->\n<title>Blog - Les Fl\u00e2neuses<\/title>\n<meta name=\"robots\" content=\"index, follow, max-snippet:-1, max-image-preview:large, max-video-preview:-1\" \/>\n<link rel=\"canonical\" href=\"https:\/\/lesflaneuses.com\/en\/blog\/\" \/>\n<meta property=\"og:locale\" content=\"en_US\" \/>\n<meta property=\"og:type\" content=\"article\" \/>\n<meta property=\"og:title\" content=\"Blog - Les Fl\u00e2neuses\" \/>\n<meta property=\"og:url\" content=\"https:\/\/lesflaneuses.com\/en\/blog\/\" \/>\n<meta property=\"og:site_name\" content=\"Les Fl\u00e2neuses\" \/>\n<meta property=\"article:modified_time\" content=\"2022-12-07T10:04:00+00:00\" \/>\n<meta name=\"twitter:card\" content=\"summary_large_image\" \/>\n<script type=\"application\/ld+json\" class=\"yoast-schema-graph\">{\"@context\":\"https:\\\/\\\/schema.org\",\"@graph\":[{\"@type\":\"WebPage\",\"@id\":\"https:\\\/\\\/lesflaneuses.com\\\/en\\\/blog\\\/\",\"url\":\"https:\\\/\\\/lesflaneuses.com\\\/en\\\/blog\\\/\",\"name\":\"Blog - Les Fl\u00e2neuses\",\"isPartOf\":{\"@id\":\"https:\\\/\\\/lesflaneuses.com\\\/en\\\/#website\"},\"datePublished\":\"2022-09-27T17:10:33+00:00\",\"dateModified\":\"2022-12-07T10:04:00+00:00\",\"breadcrumb\":{\"@id\":\"https:\\\/\\\/lesflaneuses.com\\\/en\\\/blog\\\/#breadcrumb\"},\"inLanguage\":\"en-US\",\"potentialAction\":[{\"@type\":\"ReadAction\",\"target\":[\"https:\\\/\\\/lesflaneuses.com\\\/en\\\/blog\\\/\"]}]},{\"@type\":\"BreadcrumbList\",\"@id\":\"https:\\\/\\\/lesflaneuses.com\\\/en\\\/blog\\\/#breadcrumb\",\"itemListElement\":[{\"@type\":\"ListItem\",\"position\":1,\"name\":\"Accueil\",\"item\":\"https:\\\/\\\/lesflaneuses.com\\\/en\\\/\"},{\"@type\":\"ListItem\",\"position\":2,\"name\":\"Blog\"}]},{\"@type\":\"WebSite\",\"@id\":\"https:\\\/\\\/lesflaneuses.com\\\/en\\\/#website\",\"url\":\"https:\\\/\\\/lesflaneuses.com\\\/en\\\/\",\"name\":\"Les Fl\u00e2neuses\",\"description\":\"Offrez \u00e0 votre public une exp\u00e9rience de visite confortable\",\"publisher\":{\"@id\":\"https:\\\/\\\/lesflaneuses.com\\\/en\\\/#organization\"},\"potentialAction\":[{\"@type\":\"SearchAction\",\"target\":{\"@type\":\"EntryPoint\",\"urlTemplate\":\"https:\\\/\\\/lesflaneuses.com\\\/en\\\/?s={search_term_string}\"},\"query-input\":{\"@type\":\"PropertyValueSpecification\",\"valueRequired\":true,\"valueName\":\"search_term_string\"}}],\"inLanguage\":\"en-US\"},{\"@type\":\"Organization\",\"@id\":\"https:\\\/\\\/lesflaneuses.com\\\/en\\\/#organization\",\"name\":\"Les fl\u00e2neuses\",\"url\":\"https:\\\/\\\/lesflaneuses.com\\\/en\\\/\",\"logo\":{\"@type\":\"ImageObject\",\"inLanguage\":\"en-US\",\"@id\":\"https:\\\/\\\/lesflaneuses.com\\\/en\\\/#\\\/schema\\\/logo\\\/image\\\/\",\"url\":\"https:\\\/\\\/lesflaneuses.com\\\/wp-content\\\/uploads\\\/2022\\\/03\\\/logoLesFlaneusesGris.svg\",\"contentUrl\":\"https:\\\/\\\/lesflaneuses.com\\\/wp-content\\\/uploads\\\/2022\\\/03\\\/logoLesFlaneusesGris.svg\",\"width\":223.288,\"height\":50,\"caption\":\"Les fl\u00e2neuses\"},\"image\":{\"@id\":\"https:\\\/\\\/lesflaneuses.com\\\/en\\\/#\\\/schema\\\/logo\\\/image\\\/\"},\"sameAs\":[\"https:\\\/\\\/www.linkedin.com\\\/company\\\/lesflaneuses\",\"https:\\\/\\\/www.instagram.com\\\/lesflaneuses_com\\\/\"]}]}<\/script>\n<!-- \/ Yoast SEO plugin. -->","yoast_head_json":{"title":"Blog - Les Fl\u00e2neuses","robots":{"index":"index","follow":"follow","max-snippet":"max-snippet:-1","max-image-preview":"max-image-preview:large","max-video-preview":"max-video-preview:-1"},"canonical":"https:\/\/lesflaneuses.com\/en\/blog\/","og_locale":"en_US","og_type":"article","og_title":"Blog - Les Fl\u00e2neuses","og_url":"https:\/\/lesflaneuses.com\/en\/blog\/","og_site_name":"Les Fl\u00e2neuses","article_modified_time":"2022-12-07T10:04:00+00:00","twitter_card":"summary_large_image","schema":{"@context":"https:\/\/schema.org","@graph":[{"@type":"WebPage","@id":"https:\/\/lesflaneuses.com\/en\/blog\/","url":"https:\/\/lesflaneuses.com\/en\/blog\/","name":"Blog - Les Fl\u00e2neuses","isPartOf":{"@id":"https:\/\/lesflaneuses.com\/en\/#website"},"datePublished":"2022-09-27T17:10:33+00:00","dateModified":"2022-12-07T10:04:00+00:00","breadcrumb":{"@id":"https:\/\/lesflaneuses.com\/en\/blog\/#breadcrumb"},"inLanguage":"en-US","potentialAction":[{"@type":"ReadAction","target":["https:\/\/lesflaneuses.com\/en\/blog\/"]}]},{"@type":"BreadcrumbList","@id":"https:\/\/lesflaneuses.com\/en\/blog\/#breadcrumb","itemListElement":[{"@type":"ListItem","position":1,"name":"Accueil","item":"https:\/\/lesflaneuses.com\/en\/"},{"@type":"ListItem","position":2,"name":"Blog"}]},{"@type":"WebSite","@id":"https:\/\/lesflaneuses.com\/en\/#website","url":"https:\/\/lesflaneuses.com\/en\/","name":"Les Fl\u00e2neuses","description":"Offrez \u00e0 votre public une exp\u00e9rience de visite confortable","publisher":{"@id":"https:\/\/lesflaneuses.com\/en\/#organization"},"potentialAction":[{"@type":"SearchAction","target":{"@type":"EntryPoint","urlTemplate":"https:\/\/lesflaneuses.com\/en\/?s={search_term_string}"},"query-input":{"@type":"PropertyValueSpecification","valueRequired":true,"valueName":"search_term_string"}}],"inLanguage":"en-US"},{"@type":"Organization","@id":"https:\/\/lesflaneuses.com\/en\/#organization","name":"Les fl\u00e2neuses","url":"https:\/\/lesflaneuses.com\/en\/","logo":{"@type":"ImageObject","inLanguage":"en-US","@id":"https:\/\/lesflaneuses.com\/en\/#\/schema\/logo\/image\/","url":"https:\/\/lesflaneuses.com\/wp-content\/uploads\/2022\/03\/logoLesFlaneusesGris.svg","contentUrl":"https:\/\/lesflaneuses.com\/wp-content\/uploads\/2022\/03\/logoLesFlaneusesGris.svg","width":223.288,"height":50,"caption":"Les fl\u00e2neuses"},"image":{"@id":"https:\/\/lesflaneuses.com\/en\/#\/schema\/logo\/image\/"},"sameAs":["https:\/\/www.linkedin.com\/company\/lesflaneuses","https:\/\/www.instagram.com\/lesflaneuses_com\/"]}]}},"_links":{"self":[{"href":"https:\/\/lesflaneuses.com\/en\/wp-json\/wp\/v2\/pages\/7727","targetHints":{"allow":["GET"]}}],"collection":[{"href":"https:\/\/lesflaneuses.com\/en\/wp-json\/wp\/v2\/pages"}],"about":[{"href":"https:\/\/lesflaneuses.com\/en\/wp-json\/wp\/v2\/types\/page"}],"author":[{"embeddable":true,"href":"https:\/\/lesflaneuses.com\/en\/wp-json\/wp\/v2\/users\/1"}],"replies":[{"embeddable":true,"href":"https:\/\/lesflaneuses.com\/en\/wp-json\/wp\/v2\/comments?post=7727"}],"version-history":[{"count":0,"href":"https:\/\/lesflaneuses.com\/en\/wp-json\/wp\/v2\/pages\/7727\/revisions"}],"wp:attachment":[{"href":"https:\/\/lesflaneuses.com\/en\/wp-json\/wp\/v2\/media?parent=7727"}],"curies":[{"name":"wp","href":"https:\/\/api.w.org\/{rel}","templated":true}]}}